{"id":160,"date":"2019-01-11T14:12:49","date_gmt":"2019-01-11T13:12:49","guid":{"rendered":"http:\/\/hundefreunde-waldesruh.com\/Blog\/?page_id=160"},"modified":"2025-06-23T19:18:16","modified_gmt":"2025-06-23T17:18:16","slug":"grundausbildung","status":"publish","type":"page","link":"https:\/\/hundefreunde-waldesruh.com\/Blog\/grundausbildung\/","title":{"rendered":"Grundausbildung\/Auslastungstraining"},"content":{"rendered":"\n<h2>Zutaten f\u00fcr den\u201ealltagsfitten\u201c Hund:<\/h2>\n\n\n\n<ul><li>1 Portion Grundsignale, wie SITZ, PLATZ, Fu\u00df<\/li><li>100g (je nach Gr\u00f6\u00dfe auch mehr) Leckerli oder Spielzeug<\/li><li>100%ige spielerische Motivation des Zweibeiners<\/li><li>100%ige gewaltfreie Trainingsmethoden<\/li><li>so viele Alltagssituationen und \u00dcbungen wie m\u00f6glich! (durch Menschengruppen laufen, schreckhafte Situationen trainieren&#8230;)<\/li><li>100%ige&nbsp; Mensch-Hund-Bindung, durch gemeinsames Aufgabenerarbeiten<\/li><\/ul>\n\n\n\n<figure class=\"wp-block-image size-large\"><img loading=\"lazy\" width=\"1024\" height=\"782\" src=\"https:\/\/hundefreunde-waldesruh.com\/Blog\/wp-content\/uploads\/2025\/06\/IMG-20250428-WA0005_bearbeitet_-1024x782.jpg\" alt=\"\" class=\"wp-image-451\" srcset=\"https:\/\/hundefreunde-waldesruh.com\/Blog\/wp-content\/uploads\/2025\/06\/IMG-20250428-WA0005_bearbeitet_-1024x782.jpg 1024w, https:\/\/hundefreunde-waldesruh.com\/Blog\/wp-content\/uploads\/2025\/06\/IMG-20250428-WA0005_bearbeitet_-300x229.jpg 300w, https:\/\/hundefreunde-waldesruh.com\/Blog\/wp-content\/uploads\/2025\/06\/IMG-20250428-WA0005_bearbeitet_-768x587.jpg 768w, https:\/\/hundefreunde-waldesruh.com\/Blog\/wp-content\/uploads\/2025\/06\/IMG-20250428-WA0005_bearbeitet_.jpg 1228w\" sizes=\"(max-width: 1024px) 100vw, 1024px\" \/><figcaption>Nach Absprache k\u00f6nnen wir zusammen Hundewanderungen unternehmen.<\/figcaption><\/figure>\n\n\n\n<h2>Alter, Gr\u00f6\u00dfe und Rasse spielen keine Rolle<\/h2>\n\n\n\n<p>Kennst du auch folgende Situationen?<\/p>\n\n\n\n<ul><li>der Hund ist schwerh\u00f6rig, h\u00f6rt erst beim 2. oder 3. Ruf<\/li><li>oder ist sogar taub, ignoriert meine Kommandos v\u00f6llig<\/li><li>der Hund&nbsp; geht mit mir spazieren, nicht Ich mit ihm<\/li><li>andere Hunde sind ihm wichtiger, als Ich<\/li><li>andere Hunde kann er gar nicht leiden, macht Leinenterror<\/li><li>der Hund liebt die Hosenbeine anderer<\/li><li>der Hund jagt den Jogger oder Radfahrer<\/li><li>der Hund schreckt vor allen und jeden zur\u00fcck<\/li><\/ul>\n\n\n\n<p>In der Grundausbildung soll erlernt werden, solche F\u00e4lle zu vermeiden, indem wir unseren F\u00fchranspruch mental, nicht k\u00f6rperlich erh\u00f6hen. Gearbeitet wird mit Konfliktbew\u00e4ltigung, nicht mit Konfliktvermeidung!<\/p>\n\n\n\n<p>In der Grundausbildung werden nicht nur Grundsignale, wie SITZ, PLATZ, Fu\u00df und BLEIB trainiert, sondern auch Alltagssituationen. Deshalb trainieren wir auch \u00dcbungen aus dem <em>Wesensverhaltenstest<\/em>, wie durch  Menschengruppen laufen, Kindergeschrei, laute Ger\u00e4usche (Fahrradklingel), dunkle Gestalten (Motorradfahrer mit Helm,  Spazierg\u00e4nger mit Regenschirm).<\/p>\n\n\n\n<p>Ich helfe dir, durch das Training die Sprache der Hunde zu verstehen, und die K\u00f6rpersignale deines Hundes richtig zu deuten.<\/p>\n\n\n\n<p>Nat\u00fcrlich f\u00fchre ich auch <em>Gew\u00f6hnungs\u00fcbungen<\/em> durch, wie etwa:<\/p>\n\n\n\n<ul><li>Leinenf\u00fchrigkeit<\/li><li>F\u00fchrigkeit in diverse Gangarten<\/li><li>das Herankommen<\/li><li>das Ablegen<\/li><li>Kehrtwendungen<\/li><li>Freifolge<\/li><li>Gruppentraining<\/li><\/ul>\n\n\n\n<p>Das wichtigste ist jedoch die Mensch-Hund-Beziehung, denn nur eine gute Bindung schafft Vertrauen auf beiden Seiten.<\/p>\n\n\n\n<p>Es werden keine Stachel- oder W\u00fcrgehalsb\u00e4nder verwendet, das Training ist gewaltfrei!<\/p>\n\n\n\n<h2>Motivation und Spass ist alles, was du mitbringen musst.<\/h2>\n","protected":false},"excerpt":{"rendered":"<p>Zutaten f\u00fcr den\u201ealltagsfitten\u201c Hund: 1 Portion Grundsignale, wie SITZ, PLATZ, Fu\u00df 100g (je nach Gr\u00f6\u00dfe auch mehr) Leckerli oder Spielzeug 100%ige spielerische Motivation des Zweibeiners 100%ige gewaltfreie Trainingsmethoden so viele Alltagssituationen und \u00dcbungen wie m\u00f6glich! (durch Menschengruppen laufen, schreckhafte Situationen trainieren&#8230;) 100%ige&nbsp; Mensch-Hund-Bindung, durch gemeinsames Aufgabenerarbeiten Alter, Gr\u00f6\u00dfe und Rasse spielen keine Rolle Kennst du&#8230;<\/p>\n","protected":false},"author":1,"featured_media":0,"parent":0,"menu_order":0,"comment_status":"closed","ping_status":"closed","template":"","meta":[],"_links":{"self":[{"href":"https:\/\/hundefreunde-waldesruh.com\/Blog\/wp-json\/wp\/v2\/pages\/160"}],"collection":[{"href":"https:\/\/hundefreunde-waldesruh.com\/Blog\/wp-json\/wp\/v2\/pages"}],"about":[{"href":"https:\/\/hundefreunde-waldesruh.com\/Blog\/wp-json\/wp\/v2\/types\/page"}],"author":[{"embeddable":true,"href":"https:\/\/hundefreunde-waldesruh.com\/Blog\/wp-json\/wp\/v2\/users\/1"}],"replies":[{"embeddable":true,"href":"https:\/\/hundefreunde-waldesruh.com\/Blog\/wp-json\/wp\/v2\/comments?post=160"}],"version-history":[{"count":13,"href":"https:\/\/hundefreunde-waldesruh.com\/Blog\/wp-json\/wp\/v2\/pages\/160\/revisions"}],"predecessor-version":[{"id":452,"href":"https:\/\/hundefreunde-waldesruh.com\/Blog\/wp-json\/wp\/v2\/pages\/160\/revisions\/452"}],"wp:attachment":[{"href":"https:\/\/hundefreunde-waldesruh.com\/Blog\/wp-json\/wp\/v2\/media?parent=160"}],"curies":[{"name":"wp","href":"https:\/\/api.w.org\/{rel}","templated":true}]}}