{"id":162,"date":"2019-01-11T14:14:17","date_gmt":"2019-01-11T13:14:17","guid":{"rendered":"http:\/\/hundefreunde-waldesruh.com\/Blog\/?page_id=162"},"modified":"2025-06-30T20:42:45","modified_gmt":"2025-06-30T18:42:45","slug":"welpenspielgruppe","status":"publish","type":"page","link":"https:\/\/hundefreunde-waldesruh.com\/Blog\/welpenspielgruppe\/","title":{"rendered":"Welpenspielgruppe"},"content":{"rendered":"\n<h2>Warum sind Welpenspielstunden so sinnvoll?<\/h2>\n\n\n\n<p>Wenn Welpen an die neuen Besitzer \u00fcbergeben werden, wird damit ein   wichtiger Entwicklungsprozess unterbrochen &#8211; die Sozialisation durch seine Artgenossen. Der Welpe lernt normalerweise durch den Kontakt mit seiner Mutter, seinen Wurfgeschwistern und erwachsenen Hunden des Rudels, wie man sich verst\u00e4ndigt. Und wie er sich anst\u00e4ndig verh\u00e4lt. Erwachsene Hunde ersetzen dabei nicht den Kontakt zu Gleichaltrigen.<\/p>\n\n\n\n<p>Beim Welpenspieltag hat Ihr Welpe die Gelegenheit, spielerisch zu lernen, wie man sich wie man sich unter Hunden verst\u00e4ndigt und wie man sich zu  benehmen hat!<\/p>\n\n\n\n<p>Selbst wenn du schon Erfahrungen mit Hunden hast &#8211; jeder Hund hat eine besondere Pers\u00f6nlichkeit und stellt den Besitzer vor neue Fragen. Es gibt so viel \u00fcber den Hund zu lernen! Wenn du Ersthundebesitzer bist, hast du nat\u00fcrlich sehr viele Fragen, deswegen sollst du dir beim Welpentreff hilfreiches Wissen \u00fcber den Hund und den richtigen Umgang mit ihm aneignen.<\/p>\n\n\n\n<h2>Welpen m\u00fcssen noch viel lernen<\/h2>\n\n\n\n<p>Vor vielen Dingen in unserer Umwelt haben Hunde nat\u00fcrlicherweise Angst (vor Autos, zischenden Bremsen, lautem Kindergeschrei). In der Welpenstunde werden sie behutsam an die verschiedensten Situationen  herangef\u00fchrt. Die Welpen lernen, wovor sie keine Angst zu haben  brauchen und du als sein Mensch, wie du mit der Angst deines Welpen  richtig umgehen kannst. <\/p>\n\n\n\n<p>Was f\u00fcr Menschenkinder gilt, gilt auch f\u00fcr Hundekinder: man muss ihnen  die M\u00f6glichkeit bieten, Erfahrungen zu sammeln, ihnen den n\u00f6tigen   Freiraum geben. Sie d\u00fcrfen nicht \u00fcberbeh\u00fctet werden, damit sie ein   gesundes Selbstbewusstsein entwickeln k\u00f6nnen. Durch die kleinen \u00dcbungen an den unterschiedlichsten Ger\u00e4ten lernt Ihr Welpe, Herausforderungen zu bew\u00e4ltigen. Er wird sicherer und traut sich  selbstbewusster an neue Herausforderungen heran.<\/p>\n\n\n\n<h2>Ein spielerisches Team<\/h2>\n\n\n\n<p>Nat\u00fcrlich gibt es auch Tipps zur Erziehung deines Welpen und es werden kleine Erziehungs\u00fcbungen gemacht. Eines ist der Welpentreff jedoch nicht: eine <em>Fr\u00fchst-Welpen-Dressur<\/em>. Mensch und Hund sollen spielerisch mit- und voneinander lernen.<\/p>\n\n\n\n<p>Mensch und Hund sollen ein harmonisches Team werden: Du sollst zwar der tonangebende Part sein, aber das volle Vertrauen deines Welpen genie\u00dfen. <\/p>\n\n\n\n<figure class=\"wp-block-image\"><img loading=\"lazy\" width=\"1024\" height=\"341\" src=\"http:\/\/hundefreunde-waldesruh.com\/Blog\/wp-content\/uploads\/2019\/01\/Welpe_-1024x341.jpg\" alt=\"\" class=\"wp-image-67\" srcset=\"https:\/\/hundefreunde-waldesruh.com\/Blog\/wp-content\/uploads\/2019\/01\/Welpe_-1024x341.jpg 1024w, https:\/\/hundefreunde-waldesruh.com\/Blog\/wp-content\/uploads\/2019\/01\/Welpe_-300x100.jpg 300w, https:\/\/hundefreunde-waldesruh.com\/Blog\/wp-content\/uploads\/2019\/01\/Welpe_-768x256.jpg 768w\" sizes=\"(max-width: 1024px) 100vw, 1024px\" \/><\/figure>\n\n\n\n<p>In den 1. Lebensmonaten Ihres Welpen kommt es nicht auf das perfekte \u201cPLATZ\u201c an, sondern darauf:<\/p>\n\n\n\n<ul><li>Entwicklung einer freudigen, vertrauensvollen Bindung zueinander<\/li><li>Bed\u00fcrfnis des Welpen nach Spiel mit den Artgenossen stillen und ihn dar\u00fcber Sozialverhalten erlernen lassen<\/li><li>Erlernen des angemessenen Umgangs mit der f\u00fcr Hunde sehr belastenden Umwelt<\/li><li>geistige und k\u00f6rperlich optimale Entwicklung durch gen\u00fcgend Anregungen<\/li><\/ul>\n\n\n\n<h2>Gleicher Ablauf bei jedem Treffen<\/h2>\n\n\n\n<ul><li>Freispiel<\/li><li>Alltagshindernisse bew\u00e4ltigen<\/li><li>Erziehungs\u00fcbungen<\/li><li>einem kurzen Vortrag zu den verschiedensten Themen<\/li><\/ul>\n","protected":false},"excerpt":{"rendered":"<p>Warum sind Welpenspielstunden so sinnvoll? Wenn Welpen an die neuen Besitzer \u00fcbergeben werden, wird damit ein wichtiger Entwicklungsprozess unterbrochen &#8211; die Sozialisation durch seine Artgenossen. Der Welpe lernt normalerweise durch den Kontakt mit seiner Mutter, seinen Wurfgeschwistern und erwachsenen Hunden des Rudels, wie man sich verst\u00e4ndigt. Und wie er sich anst\u00e4ndig verh\u00e4lt. Erwachsene Hunde ersetzen&#8230;<\/p>\n","protected":false},"author":1,"featured_media":0,"parent":0,"menu_order":0,"comment_status":"closed","ping_status":"closed","template":"","meta":[],"_links":{"self":[{"href":"https:\/\/hundefreunde-waldesruh.com\/Blog\/wp-json\/wp\/v2\/pages\/162"}],"collection":[{"href":"https:\/\/hundefreunde-waldesruh.com\/Blog\/wp-json\/wp\/v2\/pages"}],"about":[{"href":"https:\/\/hundefreunde-waldesruh.com\/Blog\/wp-json\/wp\/v2\/types\/page"}],"author":[{"embeddable":true,"href":"https:\/\/hundefreunde-waldesruh.com\/Blog\/wp-json\/wp\/v2\/users\/1"}],"replies":[{"embeddable":true,"href":"https:\/\/hundefreunde-waldesruh.com\/Blog\/wp-json\/wp\/v2\/comments?post=162"}],"version-history":[{"count":13,"href":"https:\/\/hundefreunde-waldesruh.com\/Blog\/wp-json\/wp\/v2\/pages\/162\/revisions"}],"predecessor-version":[{"id":456,"href":"https:\/\/hundefreunde-waldesruh.com\/Blog\/wp-json\/wp\/v2\/pages\/162\/revisions\/456"}],"wp:attachment":[{"href":"https:\/\/hundefreunde-waldesruh.com\/Blog\/wp-json\/wp\/v2\/media?parent=162"}],"curies":[{"name":"wp","href":"https:\/\/api.w.org\/{rel}","templated":true}]}}