{"id":17,"date":"2019-01-11T10:25:04","date_gmt":"2019-01-11T09:25:04","guid":{"rendered":"http:\/\/hundefreunde-waldesruh.com\/Blog\/?page_id=17"},"modified":"2019-08-06T18:11:59","modified_gmt":"2019-08-06T16:11:59","slug":"ueber-uns","status":"publish","type":"page","link":"https:\/\/hundefreunde-waldesruh.com\/Blog\/ueber-uns\/","title":{"rendered":"\u00dcber uns"},"content":{"rendered":"\n<h2>2006<\/h2>\n\n\n\n<p>haben wir &#8211; Sonja und Nicole Schanz &#8211; die Hundeschule Waldesruh (Schanz &amp; Schanz GbR) ins Leben gerufen. Wir sind als diplomierte Tiertherapeutinnen in Dortmund und Umgebung t\u00e4tig, und helfen Hundebesitzern und denen, die es werden wollen.<\/p>\n\n\n\n<figure class=\"wp-block-image\"><img loading=\"lazy\" width=\"1024\" height=\"341\" src=\"http:\/\/hundefreunde-waldesruh.com\/Blog\/wp-content\/uploads\/2019\/01\/Ueber_uns-1024x341.jpg\" alt=\"\" class=\"wp-image-180\" srcset=\"https:\/\/hundefreunde-waldesruh.com\/Blog\/wp-content\/uploads\/2019\/01\/Ueber_uns-1024x341.jpg 1024w, https:\/\/hundefreunde-waldesruh.com\/Blog\/wp-content\/uploads\/2019\/01\/Ueber_uns-300x100.jpg 300w, https:\/\/hundefreunde-waldesruh.com\/Blog\/wp-content\/uploads\/2019\/01\/Ueber_uns-768x256.jpg 768w\" sizes=\"(max-width: 1024px) 100vw, 1024px\" \/><\/figure>\n\n\n\n<h2>Erziehe und spiele mit deinem Hund<\/h2>\n\n\n\n<p>Bei der Erziehung deines Hundes, aber auch schon beim Welpenkauf bist  du hier an der richtigen Adresse. Der Hundeplatz Waldesruh bietet  au\u00dferdem Trainingsm\u00f6glichkeiten und eignet sich als &#8222;Spielplatz&#8220; f\u00fcr  alle Rassen.<\/p>\n\n\n\n<p>Die Hunde werden geschult, ausgebildet und einfach ausgelastet, damit sie bei bester Gesundheit bleiben.<\/p>\n\n\n\n<h2>Erste Hilfe<\/h2>\n\n\n\n<p>Bei auftretenden Verhaltensst\u00f6rungen oder Auff\u00e4lligkeiten k\u00f6nnen die \nHunde therapiert werden. Die therapeutischen Ma\u00dfnahmen werden \nindividuell abgestimmt.<\/p>\n\n\n\n<p>Bei Interesse und weiteren Fragen nimm einfach zu uns Kontakt auf oder schau direkt am Hundeplatz vorbei! Auf Anfrage k\u00f6nnen wir auch Hausbesuche machen.<\/p>\n","protected":false},"excerpt":{"rendered":"<p>2006 haben wir &#8211; Sonja und Nicole Schanz &#8211; die Hundeschule Waldesruh (Schanz &amp; Schanz GbR) ins Leben gerufen. Wir sind als diplomierte Tiertherapeutinnen in Dortmund und Umgebung t\u00e4tig, und helfen Hundebesitzern und denen, die es werden wollen. Erziehe und spiele mit deinem Hund Bei der Erziehung deines Hundes, aber auch schon beim Welpenkauf bist&#8230;<\/p>\n","protected":false},"author":1,"featured_media":0,"parent":0,"menu_order":0,"comment_status":"closed","ping_status":"closed","template":"","meta":[],"_links":{"self":[{"href":"https:\/\/hundefreunde-waldesruh.com\/Blog\/wp-json\/wp\/v2\/pages\/17"}],"collection":[{"href":"https:\/\/hundefreunde-waldesruh.com\/Blog\/wp-json\/wp\/v2\/pages"}],"about":[{"href":"https:\/\/hundefreunde-waldesruh.com\/Blog\/wp-json\/wp\/v2\/types\/page"}],"author":[{"embeddable":true,"href":"https:\/\/hundefreunde-waldesruh.com\/Blog\/wp-json\/wp\/v2\/users\/1"}],"replies":[{"embeddable":true,"href":"https:\/\/hundefreunde-waldesruh.com\/Blog\/wp-json\/wp\/v2\/comments?post=17"}],"version-history":[{"count":5,"href":"https:\/\/hundefreunde-waldesruh.com\/Blog\/wp-json\/wp\/v2\/pages\/17\/revisions"}],"predecessor-version":[{"id":294,"href":"https:\/\/hundefreunde-waldesruh.com\/Blog\/wp-json\/wp\/v2\/pages\/17\/revisions\/294"}],"wp:attachment":[{"href":"https:\/\/hundefreunde-waldesruh.com\/Blog\/wp-json\/wp\/v2\/media?parent=17"}],"curies":[{"name":"wp","href":"https:\/\/api.w.org\/{rel}","templated":true}]}}