{"id":18,"date":"2019-01-11T10:25:04","date_gmt":"2019-01-11T09:25:04","guid":{"rendered":"http:\/\/hundefreunde-waldesruh.com\/Blog\/?page_id=18"},"modified":"2025-06-23T18:49:42","modified_gmt":"2025-06-23T16:49:42","slug":"kurse-training","status":"publish","type":"page","link":"https:\/\/hundefreunde-waldesruh.com\/Blog\/kurse-training\/","title":{"rendered":"Kurse &#038; Training"},"content":{"rendered":"\n<h4>Prey-Dummy Training<\/h4>\n\n\n\n<ul><li><a href=\"https:\/\/hundefreunde-waldesruh.com\/Blog\/?page_id=149\">Info Prey-Dummy-Training<\/a> &#8211; nach Absprache <\/li><\/ul>\n\n\n\n<h4>Outdoortraining<\/h4>\n\n\n\n<p><a href=\"https:\/\/hundefreunde-waldesruh.com\/trainerin-sonja\/\">Zur Anmeldung geht es hier.<\/a><\/p>\n\n\n\n<h4>Grundkurse\/Auslastungstraining<\/h4>\n\n\n\n<ul><li><a href=\"https:\/\/hundefreunde-waldesruh.com\/Blog\/?page_id=160\">Grundausbildung (ABC der Unterordnung)<\/a><\/li><\/ul>\n\n\n\n<h4>Welpenspielgruppen<\/h4>\n\n\n\n<ul><li><a href=\"https:\/\/hundefreunde-waldesruh.com\/Blog\/?page_id=162\">Info Welpenspielgruppen<\/a><\/li><\/ul>\n\n\n\n<p><a href=\"https:\/\/hundefreunde-waldesruh.com\/trainerin-sonja\/\">Zur Anmeldung geht es hier.<\/a><\/p>\n\n\n\n<h3>Kursbeitr\u00e4ge<\/h3>\n\n\n\n<p><strong>Besch\u00e4ftigungs-Auslastungstraining <\/strong><br>Pro Monat (4 Trainingseinheiten): 50 Euro, f\u00fcr einen 2. Hund halber Preis<\/p>\n\n\n\n<p><strong>Welpenspielgruppen<\/strong><br>Kurs mit 8 Trainingseinheiten: 100 Euro (8 Trainingsstunden, innerhalb von 10 Wochen zu absolvieren)<\/p>\n\n\n\n<p><strong>Dummytraining<\/strong><br>4 Trainingseinheiten: 40 Euro<\/p>\n\n\n\n<p><strong>Einzeltraining<\/strong><br>1. Trainingseinheit: 55 Euro<br>Jede weitere Trainingseinheit: 45 Euro<br>Anfahrt: \u20ac 0,50\/km <\/p>\n","protected":false},"excerpt":{"rendered":"<p>Prey-Dummy Training Info Prey-Dummy-Training &#8211; nach Absprache Outdoortraining Zur Anmeldung geht es hier. Grundkurse\/Auslastungstraining Grundausbildung (ABC der Unterordnung) Welpenspielgruppen Info Welpenspielgruppen Zur Anmeldung geht es hier. Kursbeitr\u00e4ge Besch\u00e4ftigungs-Auslastungstraining Pro Monat (4 Trainingseinheiten): 50 Euro, f\u00fcr einen 2. Hund halber Preis WelpenspielgruppenKurs mit 8 Trainingseinheiten: 100 Euro (8 Trainingsstunden, innerhalb von 10 Wochen zu absolvieren) Dummytraining4&#8230;<\/p>\n","protected":false},"author":1,"featured_media":0,"parent":0,"menu_order":0,"comment_status":"closed","ping_status":"closed","template":"","meta":[],"_links":{"self":[{"href":"https:\/\/hundefreunde-waldesruh.com\/Blog\/wp-json\/wp\/v2\/pages\/18"}],"collection":[{"href":"https:\/\/hundefreunde-waldesruh.com\/Blog\/wp-json\/wp\/v2\/pages"}],"about":[{"href":"https:\/\/hundefreunde-waldesruh.com\/Blog\/wp-json\/wp\/v2\/types\/page"}],"author":[{"embeddable":true,"href":"https:\/\/hundefreunde-waldesruh.com\/Blog\/wp-json\/wp\/v2\/users\/1"}],"replies":[{"embeddable":true,"href":"https:\/\/hundefreunde-waldesruh.com\/Blog\/wp-json\/wp\/v2\/comments?post=18"}],"version-history":[{"count":21,"href":"https:\/\/hundefreunde-waldesruh.com\/Blog\/wp-json\/wp\/v2\/pages\/18\/revisions"}],"predecessor-version":[{"id":438,"href":"https:\/\/hundefreunde-waldesruh.com\/Blog\/wp-json\/wp\/v2\/pages\/18\/revisions\/438"}],"wp:attachment":[{"href":"https:\/\/hundefreunde-waldesruh.com\/Blog\/wp-json\/wp\/v2\/media?parent=18"}],"curies":[{"name":"wp","href":"https:\/\/api.w.org\/{rel}","templated":true}]}}