{"id":85,"date":"2019-01-11T12:40:35","date_gmt":"2019-01-11T11:40:35","guid":{"rendered":"http:\/\/hundefreunde-waldesruh.com\/Blog\/?page_id=85"},"modified":"2019-08-06T17:33:04","modified_gmt":"2019-08-06T15:33:04","slug":"verhaltenstherapie","status":"publish","type":"page","link":"https:\/\/hundefreunde-waldesruh.com\/Blog\/verhaltenstherapie\/","title":{"rendered":"Verhaltenstherapie"},"content":{"rendered":"\n<p>Die  Tierverhaltenstherapie ist ein Spezialgebiet der Tiermedizin. Sie beruht  auf den wissenschaftlichen Grundlagen der Verhaltenskunde (Ethologie),  der Psychologie, der Neurologie, der Physiologie, der Pharmakologie und  lernbiologischen Gesetzen.<\/p>\n\n\n\n<p>Die verhaltenstherapeutische T\u00e4tigkeit erfordert besondere fachliche Kenntnisse und F\u00e4higkeiten, die durch eine  st\u00e4ndige Aktualisierung des vorhandenen Wissens aufrechterhalten werden  m\u00fcssen.<\/p>\n\n\n\n<p>Das harmonische Zusammenleben von Mensch und Tier kann durch verschiedene Verhaltensweisen gest\u00f6rt werden. Prophylaktisch k\u00f6nnen durch eine fachlich fundierte Beratung vor dem Kauf eines Tieres sowie Ratschl\u00e4ge zur Erziehung und Haltung die Entstehung von Problemverhalten vermieden werden.<\/p>\n\n\n\n<h2>Vorgehensweise<\/h2>\n\n\n\n<p>Im Rahmen einer verhaltenstherapeutischen Beratung wird zuerst die Vorgeschichte des Tieres aufgenommen sowie das augenblicklich beobachtbare Problemverhalten begutachtet. Eventuell sind weitere klinische Untersuchungen erforderlich um m\u00f6gliche organische Ursachen auszuschlie\u00dfen. <\/p>\n\n\n\n<p>Anhand der gesammelten Informationen wird das Verhalten beurteilt und eine Diagnose gestellt. Im Anschluss daran wird ein Therapiekonzept erstellt, das speziell auf die  individuelle Situation des Besitzers und seines Tieres zugeschnitten ist. <\/p>\n\n\n\n<p>Durch die schrittweise Erarbeitung einzelner Therapieschritte erh\u00e4lt dann der Tierbesitzer eine Anleitung zur Umsetzung des Therapiekonzeptes. Daf\u00fcr sind regelm\u00e4\u00dfige Kontakte zum Therapeuten erforderlich, um ein der Therapiesituation angepasstes Trainingsprogramm durchzuf\u00fchren.<\/p>\n","protected":false},"excerpt":{"rendered":"<p>Die Tierverhaltenstherapie ist ein Spezialgebiet der Tiermedizin. Sie beruht auf den wissenschaftlichen Grundlagen der Verhaltenskunde (Ethologie), der Psychologie, der Neurologie, der Physiologie, der Pharmakologie und lernbiologischen Gesetzen. Die verhaltenstherapeutische T\u00e4tigkeit erfordert besondere fachliche Kenntnisse und F\u00e4higkeiten, die durch eine st\u00e4ndige Aktualisierung des vorhandenen Wissens aufrechterhalten werden m\u00fcssen. Das harmonische Zusammenleben von Mensch und Tier kann&#8230;<\/p>\n","protected":false},"author":1,"featured_media":0,"parent":0,"menu_order":0,"comment_status":"closed","ping_status":"closed","template":"","meta":[],"_links":{"self":[{"href":"https:\/\/hundefreunde-waldesruh.com\/Blog\/wp-json\/wp\/v2\/pages\/85"}],"collection":[{"href":"https:\/\/hundefreunde-waldesruh.com\/Blog\/wp-json\/wp\/v2\/pages"}],"about":[{"href":"https:\/\/hundefreunde-waldesruh.com\/Blog\/wp-json\/wp\/v2\/types\/page"}],"author":[{"embeddable":true,"href":"https:\/\/hundefreunde-waldesruh.com\/Blog\/wp-json\/wp\/v2\/users\/1"}],"replies":[{"embeddable":true,"href":"https:\/\/hundefreunde-waldesruh.com\/Blog\/wp-json\/wp\/v2\/comments?post=85"}],"version-history":[{"count":4,"href":"https:\/\/hundefreunde-waldesruh.com\/Blog\/wp-json\/wp\/v2\/pages\/85\/revisions"}],"predecessor-version":[{"id":282,"href":"https:\/\/hundefreunde-waldesruh.com\/Blog\/wp-json\/wp\/v2\/pages\/85\/revisions\/282"}],"wp:attachment":[{"href":"https:\/\/hundefreunde-waldesruh.com\/Blog\/wp-json\/wp\/v2\/media?parent=85"}],"curies":[{"name":"wp","href":"https:\/\/api.w.org\/{rel}","templated":true}]}}