{"id":94,"date":"2019-01-11T12:45:35","date_gmt":"2019-01-11T11:45:35","guid":{"rendered":"http:\/\/hundefreunde-waldesruh.com\/Blog\/?page_id=94"},"modified":"2021-01-29T12:43:36","modified_gmt":"2021-01-29T11:43:36","slug":"datenschutz","status":"publish","type":"page","link":"https:\/\/hundefreunde-waldesruh.com\/Blog\/datenschutz\/","title":{"rendered":"Datenschutz"},"content":{"rendered":"\n<p><strong>Datenschutzerkl\u00e4rung<\/strong><\/p>\n\n\n\n<p><strong>Allgemeiner Hinweis und Pflichtinformationen<\/strong><\/p>\n\n\n\n<p><strong>Benennung der verantwortlichen Stelle<\/strong><\/p>\n\n\n\n<p>Die verantwortliche Stelle f\u00fcr die Datenverarbeitung auf dieser Website ist:<\/p>\n\n\n\n<p>hundefreunde-waldesruh.com<br>Sonja Frischmuth<br>Ostbergerstr. 20, 44289 Dortmund<\/p>\n\n\n\n<p>Die verantwortliche Stelle entscheidet allein oder gemeinsam mit \nanderen \u00fcber die Zwecke und Mittel der Verarbeitung von \npersonenbezogenen Daten (z.B. Namen, Kontaktdaten o. \u00c4.).<\/p>\n\n\n\n<p><strong>Widerruf Ihrer Einwilligung zur Datenverarbeitung<\/strong><\/p>\n\n\n\n<p>Nur mit Ihrer ausdr\u00fccklichen Einwilligung sind einige Vorg\u00e4nge der \nDatenverarbeitung m\u00f6glich. Ein Widerruf Ihrer bereits erteilten \nEinwilligung ist jederzeit m\u00f6glich. F\u00fcr den Widerruf gen\u00fcgt eine \nformlose Mitteilung per E-Mail. Die Rechtm\u00e4\u00dfigkeit der bis zum Widerruf \nerfolgten Datenverarbeitung bleibt vom Widerruf unber\u00fchrt.<\/p>\n\n\n\n<p><strong>Recht auf Beschwerde bei der zust\u00e4ndigen Aufsichtsbeh\u00f6rde<\/strong><\/p>\n\n\n\n<p>Als Betroffener steht Ihnen im Falle eines datenschutzrechtlichen \nVersto\u00dfes ein Beschwerderecht bei der zust\u00e4ndigen Aufsichtsbeh\u00f6rde zu. \nZust\u00e4ndige Aufsichtsbeh\u00f6rde bez\u00fcglich datenschutzrechtlicher Fragen ist \nder Landesdatenschutzbeauftragte des Bundeslandes, in dem sich der Sitz \nunseres Unternehmens befindet. Der folgende Link stellt eine Liste der \nDatenschutzbeauftragten sowie deren Kontaktdaten bereit: <a href=\"https:\/\/www.bfdi.bund.de\/DE\/Infothek\/Anschriften_Links\/anschriften_links-node.html\" target=\"_blank\" rel=\"noreferrer noopener\">https:\/\/www.bfdi.bund.de\/DE\/Infothek\/Anschriften_Links\/anschriften_links-node.html<\/a>.<\/p>\n\n\n\n<p><strong>Recht auf Daten\u00fcbertragbarkeit<\/strong><\/p>\n\n\n\n<p>Ihnen steht das Recht zu, Daten, die wir auf Grundlage Ihrer \nEinwilligung oder in Erf\u00fcllung eines Vertrags automatisiert verarbeiten,\n an sich oder an Dritte aush\u00e4ndigen zu lassen. Die Bereitstellung \nerfolgt in einem maschinenlesbaren Format. Sofern Sie die direkte \n\u00dcbertragung der Daten an einen anderen Verantwortlichen verlangen, \nerfolgt dies nur, soweit es technisch machbar ist.<\/p>\n\n\n\n<p><strong>Recht auf Auskunft, Berichtigung, Sperrung, L\u00f6schung<\/strong><\/p>\n\n\n\n<p>Sie haben jederzeit im Rahmen der geltenden gesetzlichen Bestimmungen\n das Recht auf unentgeltliche Auskunft \u00fcber Ihre gespeicherten \npersonenbezogenen Daten, Herkunft der Daten, deren Empf\u00e4nger und den \nZweck der Datenverarbeitung und ggf. ein Recht auf Berichtigung, \nSperrung oder L\u00f6schung dieser Daten. Diesbez\u00fcglich und auch zu weiteren \nFragen zum Thema personenbezogene Daten k\u00f6nnen Sie sich jederzeit \u00fcber \ndie im Impressum aufgef\u00fchrten Kontaktm\u00f6glichkeiten an uns wenden.<\/p>\n\n\n\n<p><strong>SSL- bzw. TLS-Verschl\u00fcsselung<\/strong><\/p>\n\n\n\n<p>Aus Sicherheitsgr\u00fcnden und zum Schutz der \u00dcbertragung vertraulicher \nInhalte, die Sie an uns als Seitenbetreiber senden, nutzt unsere Website\n eine SSL-bzw. TLS-Verschl\u00fcsselung. Damit sind Daten, die Sie \u00fcber diese\n Website \u00fcbermitteln, f\u00fcr Dritte nicht mitlesbar. Sie erkennen eine \nverschl\u00fcsselte Verbindung an der \u201ehttps:\/\/\u201c Adresszeile Ihres Browsers \nund am Schloss-Symbol in der Browserzeile.<\/p>\n\n\n\n<p><strong>Server-Log-Dateien<\/strong><\/p>\n\n\n\n<p>In Server-Log-Dateien erhebt und speichert der Provider der Website \nautomatisch Informationen, die Ihr Browser automatisch an uns \n\u00fcbermittelt. Dies sind:<\/p>\n\n\n\n<ul><li>Besuchte Seite auf unserer Domain<\/li><li>Datum und Uhrzeit der Serveranfrage<\/li><li>Browsertyp und Browserversion<\/li><li>Verwendetes Betriebssystem<\/li><li>Referrer URL<\/li><li>Hostname des zugreifenden Rechners<\/li><li>IP-Adresse<\/li><\/ul>\n\n\n\n<p>Es findet keine Zusammenf\u00fchrung dieser Daten mit anderen Datenquellen\n statt. Grundlage der Datenverarbeitung bildet Art. 6 Abs. 1 lit. b \nDSGVO, der die Verarbeitung von Daten zur Erf\u00fcllung eines Vertrags oder \nvorvertraglicher Ma\u00dfnahmen gestattet.<\/p>\n","protected":false},"excerpt":{"rendered":"<p>Datenschutzerkl\u00e4rung Allgemeiner Hinweis und Pflichtinformationen Benennung der verantwortlichen Stelle Die verantwortliche Stelle f\u00fcr die Datenverarbeitung auf dieser Website ist: hundefreunde-waldesruh.comSonja FrischmuthOstbergerstr. 20, 44289 Dortmund Die verantwortliche Stelle entscheidet allein oder gemeinsam mit anderen \u00fcber die Zwecke und Mittel der Verarbeitung von personenbezogenen Daten (z.B. Namen, Kontaktdaten o. \u00c4.). Widerruf Ihrer Einwilligung zur Datenverarbeitung Nur mit&#8230;<\/p>\n","protected":false},"author":1,"featured_media":0,"parent":0,"menu_order":0,"comment_status":"closed","ping_status":"closed","template":"","meta":[],"_links":{"self":[{"href":"https:\/\/hundefreunde-waldesruh.com\/Blog\/wp-json\/wp\/v2\/pages\/94"}],"collection":[{"href":"https:\/\/hundefreunde-waldesruh.com\/Blog\/wp-json\/wp\/v2\/pages"}],"about":[{"href":"https:\/\/hundefreunde-waldesruh.com\/Blog\/wp-json\/wp\/v2\/types\/page"}],"author":[{"embeddable":true,"href":"https:\/\/hundefreunde-waldesruh.com\/Blog\/wp-json\/wp\/v2\/users\/1"}],"replies":[{"embeddable":true,"href":"https:\/\/hundefreunde-waldesruh.com\/Blog\/wp-json\/wp\/v2\/comments?post=94"}],"version-history":[{"count":3,"href":"https:\/\/hundefreunde-waldesruh.com\/Blog\/wp-json\/wp\/v2\/pages\/94\/revisions"}],"predecessor-version":[{"id":374,"href":"https:\/\/hundefreunde-waldesruh.com\/Blog\/wp-json\/wp\/v2\/pages\/94\/revisions\/374"}],"wp:attachment":[{"href":"https:\/\/hundefreunde-waldesruh.com\/Blog\/wp-json\/wp\/v2\/media?parent=94"}],"curies":[{"name":"wp","href":"https:\/\/api.w.org\/{rel}","templated":true}]}}